{"id":1871,"date":"2018-05-17T14:19:26","date_gmt":"2018-05-17T14:19:26","guid":{"rendered":"https:\/\/www.artistasdetenerife.com\/aviso-legal\/"},"modified":"2018-08-06T13:09:28","modified_gmt":"2018-08-06T13:09:28","slug":"legal-advice","status":"publish","type":"page","link":"https:\/\/www.artistasdetenerife.com\/en\/legal-advice\/","title":{"rendered":"Legal Advice"},"content":{"rendered":"<h3>LEGAL ADVICE<\/h3>\n<p>&nbsp;<\/p>\n<p>&nbsp;<\/p>\n<h4>GENERAL DATA.<\/h4>\n<p><strong>In accordance with article 10 of Law 34\/2002, July 11, on Services of the Information Society and eCommerce, we provide you with the following information:<\/strong><\/p>\n<p>Administraci\u00f3n Art\u00edstica S.L domiciled in the address Jos\u00e9 Padr\u00f3n Mach\u00edn Urb. Los Cardones 15, Granadilla de Abona with CIF B38886255. Registered in the Mercantile Register of Santa Cruz de Tenerife, Vol. 2, Folio 133, Sheet TF-40660, 1st Inscription.<\/p>\n<p><strong>The main objective<\/strong> is to provide customers and the general public with information about the company, the products and services offered.<\/p>\n<p>&nbsp;<\/p>\n<p>&nbsp;<\/p>\n<h4>INTELLECTUAL AND INDUSTRIAL PROPERTY.<\/h4>\n<p>&nbsp;<\/p>\n<p>Administraci\u00f3n Art\u00edstica S.L <strong>owns all the rights over the software of the digital publication as well as the rights of industrial and intellectual property referred to the contents that are included<\/strong>, with the exception of the rights on products and public services that are not property of this business.<\/p>\n<p><strong>Any material released on this website can\u2019t be reproduced, copied or published<\/strong> without the written consent of Administraci\u00f3n Art\u00edstica S.L<\/p>\n<p><strong>All information received on the web, such as comments, suggestions or ideas, will be considered assigned<\/strong> to Administraci\u00f3n Art\u00edstica S.L for free. Information that CAN NOT be treated in this way should not be sent.<\/p>\n<p>All the products and services of these pages that are not property of Administraci\u00f3n Art\u00edstica S.L, are registered trademarks of their respective owners and are recognized as such by our company. They only appear on Artistas de Tenerife website in purposes of <strong>promotion and information gathering.<\/strong><\/p>\n","protected":false},"excerpt":{"rendered":"<p>LEGAL ADVICE &nbsp; &nbsp; GENERAL DATA. In accordance with article 10 of Law 34\/2002, July 11, on Services of the Information Society and eCommerce, we provide you with the following<\/p>\n","protected":false},"author":3,"featured_media":0,"parent":0,"menu_order":0,"comment_status":"closed","ping_status":"closed","template":"","meta":[],"_links":{"self":[{"href":"https:\/\/www.artistasdetenerife.com\/en\/wp-json\/wp\/v2\/pages\/1871"}],"collection":[{"href":"https:\/\/www.artistasdetenerife.com\/en\/wp-json\/wp\/v2\/pages"}],"about":[{"href":"https:\/\/www.artistasdetenerife.com\/en\/wp-json\/wp\/v2\/types\/page"}],"author":[{"embeddable":true,"href":"https:\/\/www.artistasdetenerife.com\/en\/wp-json\/wp\/v2\/users\/3"}],"replies":[{"embeddable":true,"href":"https:\/\/www.artistasdetenerife.com\/en\/wp-json\/wp\/v2\/comments?post=1871"}],"version-history":[{"count":6,"href":"https:\/\/www.artistasdetenerife.com\/en\/wp-json\/wp\/v2\/pages\/1871\/revisions"}],"predecessor-version":[{"id":2124,"href":"https:\/\/www.artistasdetenerife.com\/en\/wp-json\/wp\/v2\/pages\/1871\/revisions\/2124"}],"wp:attachment":[{"href":"https:\/\/www.artistasdetenerife.com\/en\/wp-json\/wp\/v2\/media?parent=1871"}],"curies":[{"name":"wp","href":"https:\/\/api.w.org\/{rel}","templated":true}]}}